{"id":165,"date":"2024-12-16T13:42:16","date_gmt":"2024-12-16T13:42:16","guid":{"rendered":"https:\/\/cap-minceur.fr\/?page_id=165"},"modified":"2024-12-16T13:42:16","modified_gmt":"2024-12-16T13:42:16","slug":"rechtliche-hinweise","status":"publish","type":"page","link":"https:\/\/cap-minceur.fr\/de\/rechtliche-hinweise\/","title":{"rendered":"Rechtliche Hinweise"},"content":{"rendered":"<h2 class=\"wp-block-heading\">Allgemeine Nutzungsbedingungen<\/h2>\n\n\n\n<p>Wenn Sie auf der Website cap-minceur.fr surfen, akzeptieren Sie die nachstehenden allgemeinen Nutzungsbedingungen voll und ganz. cap-minceur.fr ist jederzeit zug\u00e4nglich, wir weisen jedoch darauf hin, dass eine Unterbrechung zur Wartung der Website vom Webmaster beschlossen werden kann.<\/p>\n\n\n\n<p>Der Webmaster von cap-minceur.de beh\u00e4lt sich das Recht vor, die Allgemeinen Nutzungsbedingungen jederzeit und ohne Vorank\u00fcndigung zu \u00e4ndern. Insbesondere mit dem Ziel, alle gesetzlichen, juristischen, redaktionellen und\/oder technischen Entwicklungen zu ber\u00fccksichtigen. Die einzigen rechtsverbindlichen AGB sind diejenigen, die hier auf dieser Seite verf\u00fcgbar sind.<\/p>\n\n\n\n<p>Alle neuen Funktionen und Tools, die zu einem sp\u00e4teren Zeitpunkt zu diesem Shop hinzugef\u00fcgt werden, unterliegen ebenfalls diesen Nutzungsbedingungen.  Es liegt in Ihrer Verantwortung, diese Seite regelm\u00e4\u00dfig auf \u00c4nderungen zu \u00fcberpr\u00fcfen. Ihre fortgesetzte Nutzung der Website oder Ihr Zugriff auf die Website nach der Ver\u00f6ffentlichung von \u00c4nderungen gilt als Ihre Zustimmung zu diesen \u00c4nderungen.<\/p>\n\n\n\n<p>Unsere Website wird von PlanetHoster gehostet und verwendet WordPress.&nbsp;<\/p>\n\n\n\n<h2 class=\"wp-block-heading\">Artikel 1 ALLGEMEINE BEDINGUNGEN<\/h2>\n\n\n\n<p>Wir behalten uns das Recht vor, jeder Person jederzeit den Zugang zu den Diensten zu verweigern.<\/p>\n\n\n\n<p>Sie verpflichten sich, keinen Teil des Dienstes oder die Nutzung des Dienstes oder einen Zugriff auf den Dienst oder einen Kontakt auf der Website, \u00fcber die der Dienst bereitgestellt wird, ohne unsere vorherige ausdr\u00fcckliche schriftliche Genehmigung zu reproduzieren, zu duplizieren, zu kopieren, zu verkaufen, weiterzuverkaufen oder zu verwerten.<\/p>\n\n\n\n<p>Die in dieser Vereinbarung verwendeten Titel werden zu Ihrer Bequemlichkeit aufgenommen und werden diese Bedingungen weder einschr\u00e4nken noch beeintr\u00e4chtigen.<\/p>\n\n\n\n<h2 class=\"wp-block-heading\">Artikel 2 RICHTIGKEIT, AUSRECHTLICHKEIT UND AKTUALIT\u00c4T DER INFORMATIONEN<\/h2>\n\n\n\n<p>Wir haften nicht daf\u00fcr, wenn die auf dieser Website verf\u00fcgbaren Informationen nicht genau, vollst\u00e4ndig oder aktuell sind. Der Inhalt dieser Website dient nur zu Informationszwecken und sollte nicht Ihre einzige Informationsquelle f\u00fcr Entscheidungen sein, ohne vorher genauere, vollst\u00e4ndigere und aktuellere Informationsquellen zu konsultieren. Wenn Sie sich dazu entschlie\u00dfen, sich auf die auf dieser Website dargestellten Inhalte zu verlassen, tun Sie dies auf eigenes Risiko.<br><br>Diese Website kann bestimmte fr\u00fchere Informationen enthalten. Diese fr\u00fcheren Informationen sind naturgem\u00e4\u00df nicht aktuell und werden nur zu Informationszwecken bereitgestellt. Wir behalten uns das Recht vor, den Inhalt dieser Seite jederzeit zu \u00e4ndern, sind jedoch nicht verpflichtet, die Informationen auf unserer Seite zu aktualisieren. Sie erkl\u00e4ren sich damit einverstanden, dass es in Ihrer Verantwortung liegt, unsere Website auf \u00c4nderungen zu \u00fcberwachen.<\/p>\n\n\n\n<h2 class=\"wp-block-heading\">Artikel 3 PERS\u00d6NLICHE DATEN<\/h2>\n\n\n\n<p>Der Webmaster als Verantwortlicher f\u00fcr die Datenverarbeitung auf der Website gibt keine Ihrer pers\u00f6nlichen Daten, die Sie ihm m\u00f6glicherweise \u00fcbermitteln, an Dritte weiter.<\/p>\n\n\n\n<p>Pers\u00f6nliche Daten \u00fcber Sie k\u00f6nnen nur \u00fcber die Kommentare und das Kontaktformular von cap-minceur.de \u00fcbermittelt werden.<\/p>\n\n\n\n<p>Wenn Sie personenbezogene Daten weitergeben, werden diese mit dem Ziel verarbeitet, Ihre Anfragen so effizient wie m\u00f6glich zu beantworten.<\/p>\n\n\n\n<p>Erhebung von Profildaten und technischen Daten zum Zweck der Bereitstellung der Dienste: Einige der technischen Daten Ihres Ger\u00e4ts werden von der Website automatisch erhoben. Zu diesen Daten geh\u00f6ren unter anderem Ihre IP-Adresse, Internetdienstanbieter, Hardwarekonfiguration, Softwarekonfiguration, Browsertyp und -sprache... Die Erhebung dieser Daten ist f\u00fcr die Bereitstellung der Dienste erforderlich.<\/p>\n\n\n\n<p>Die technischen Daten Ihres Ger\u00e4ts werden von der Website automatisch zu Werbe-, Marketing- und statistischen Zwecken gesammelt und gespeichert. Diese Informationen helfen uns dabei, Ihre Erfahrung auf unserer Website zu personalisieren und kontinuierlich zu verbessern. Wir sammeln und speichern keine personenbezogenen Daten (Name, Vorname, Adresse...), die m\u00f6glicherweise mit technischen Daten verkn\u00fcpft sind.<\/p>\n\n\n\n<h2 class=\"wp-block-heading\">Artikel 4 COOKIES<\/h2>\n\n\n\n<p>Dauer der Speicherung von Cookies: Gem\u00e4\u00df den Empfehlungen der CNIL betr\u00e4gt die maximale Dauer der Speicherung von Cookies maximal 13 Monate nach ihrer ersten Ablage im Endger\u00e4t des Nutzers, ebenso wie die Dauer der G\u00fcltigkeit der Zustimmung des Nutzers zur Verwendung dieser Cookies. Die G\u00fcltigkeitsdauer der Cookies wird nicht bei jedem Besuch verl\u00e4ngert. Die Zustimmung des Nutzers muss daher nach Ablauf dieser Frist erneuert werden.<\/p>\n\n\n\n<p>Cookies k\u00f6nnen zu statistischen Zwecken verwendet werden, insbesondere um die dem Nutzer angebotenen Dienstleistungen zu optimieren, ausgehend von der Verarbeitung von Informationen \u00fcber die H\u00e4ufigkeit des Zugriffs, die Personalisierung der Seiten sowie die durchgef\u00fchrten Operationen und die aufgerufenen Informationen.<\/p>\n\n\n\n<p><br>Sie werden dar\u00fcber informiert, dass der Herausgeber m\u00f6glicherweise Cookies auf Ihrem Endger\u00e4t ablegt. Das Cookie speichert Informationen \u00fcber die Navigation im Dienst (die Seiten, die Sie aufgerufen haben, Datum und Uhrzeit des Aufrufs...), die wir bei Ihren sp\u00e4teren Besuchen lesen k\u00f6nnen.<\/p>\n\n\n\n<p>Sie best\u00e4tigen, dass Sie dar\u00fcber informiert wurden, dass der Publisher Cookies verwenden kann, und erlauben ihm dies. Wenn Sie nicht m\u00f6chten, dass Cookies auf Ihrem Endger\u00e4t verwendet werden, k\u00f6nnen Sie bei den meisten Browsern \u00fcber die Einstellungsoptionen die Verwendung von Cookies deaktivieren. Sie werden jedoch darauf hingewiesen, dass einige Dienste m\u00f6glicherweise nicht mehr richtig funktionieren.<\/p>\n\n\n\n<h2 class=\"wp-block-heading\">Artikel 5 HAFTUNGSBESCHR\u00c4NKUNG<\/h2>\n\n\n\n<p>cap-minceur.fr bem\u00fcht sich, die Genauigkeit und Aktualit\u00e4t der verbreiteten Informationen so gut wie m\u00f6glich darzustellen. cap-minceur.de kann jedoch nicht f\u00fcr die Richtigkeit, Genauigkeit, Aktualit\u00e4t oder Vollst\u00e4ndigkeit der auf der Website zur Verf\u00fcgung gestellten Informationen garantieren.<\/p>\n\n\n\n<p>Besucher und H\u00e4ndler bleiben Eigent\u00fcmer der von ihnen angegebenen Informationen. Der Webmaster von cap-minceur.fr \u00fcbernimmt keine Verantwortung f\u00fcr falsche Angaben, die von einem H\u00e4ndler oder Nutzer gemacht werden.<\/p>\n\n\n\n<p>Der H\u00e4ndler und der Nutzer akzeptieren daher die rechtliche und strafrechtliche Verantwortung f\u00fcr die von ihnen bereitgestellten Informationen sowie die rechtlichen und strafrechtlichen Konsequenzen, die sich im Falle eines Rechtsstreits daraus ergeben k\u00f6nnten.<\/p>\n\n\n\n<p>Daher lehnt der Webmaster von cap-minceur.fr jede Haftung ab, au\u00dfer f\u00fcr direkte Sch\u00e4den, die aus einem schweren Fehler oder Vorsatz des Webmasters von cap-minceur.fr resultieren:<\/p>\n\n\n\n<ul class=\"wp-block-list\">\n<li>F\u00fcr Ungenauigkeiten, Unrichtigkeiten oder Auslassungen in Bezug auf verf\u00fcgbare Informationen;<\/li>\n\n\n\n<li>F\u00fcr alle Sch\u00e4den, die aus einem betr\u00fcgerischen Eindringen eines Dritten resultieren, das zu einer \u00c4nderung der zur Verf\u00fcgung gestellten Informationen oder Elemente gef\u00fchrt hat;<\/li>\n\n\n\n<li>Und ganz allgemein f\u00fcr alle direkten oder indirekten Sch\u00e4den, unabh\u00e4ngig von deren Ursachen, Urspr\u00fcngen, Natur oder Folgen, selbst wenn cap-minceur.fr auf die M\u00f6glichkeit solcher Sch\u00e4den hingewiesen wurde, die aufgrund des Zugangs einer Person zur Plattform oder der Unm\u00f6glichkeit des Zugangs, der Nutzung der Website, einschlie\u00dflich aller Sch\u00e4den oder Viren, die Ihre Computerausr\u00fcstung oder jedes andere Gut infizieren k\u00f6nnten, und\/oder aufgrund des Vertrauens auf Informationen, die direkt oder indirekt von der Website stammen, verursacht werden.<\/li>\n<\/ul>\n\n\n\n<p>Die Materialien auf der Website oder jeder anderen Website werden \"wie besehen\" und ohne jegliche implizite oder explizite Garantie bereitgestellt.<\/p>","protected":false},"excerpt":{"rendered":"<p>Conditions G\u00e9n\u00e9rales d&rsquo;Utilisation En naviguant sur le site cap-minceur.fr, vous acceptez pleinement et enti\u00e8rement les conditions g\u00e9n\u00e9rales d\u2019utilisation ci-dessous. cap-minceur.fr [&hellip;]<\/p>","protected":false},"author":1,"featured_media":0,"parent":0,"menu_order":0,"comment_status":"closed","ping_status":"closed","template":"","meta":{"_seopress_robots_primary_cat":"","_seopress_titles_title":"","_seopress_titles_desc":"","_seopress_robots_index":"yes","site-sidebar-layout":"default","site-content-layout":"","ast-site-content-layout":"","site-content-style":"default","site-sidebar-style":"default","ast-global-header-display":"","ast-banner-title-visibility":"","ast-main-header-display":"","ast-hfb-above-header-display":"","ast-hfb-below-header-display":"","ast-hfb-mobile-header-display":"","site-post-title":"","ast-breadcrumbs-content":"","ast-featured-img":"","footer-sml-layout":"","theme-transparent-header-meta":"","adv-header-id-meta":"","stick-header-meta":"","header-above-stick-meta":"","header-main-stick-meta":"","header-below-stick-meta":"","astra-migrate-meta-layouts":"default","ast-page-background-enabled":"default","ast-page-background-meta":{"desktop":{"background-color":"var(--ast-global-color-4)","background-image":"","background-repeat":"repeat","background-position":"center center","background-size":"auto","background-attachment":"scroll","background-type":"","background-media":"","overlay-type":"","overlay-color":"","overlay-opacity":"","overlay-gradient":""},"tablet":{"background-color":"","background-image":"","background-repeat":"repeat","background-position":"center center","background-size":"auto","background-attachment":"scroll","background-type":"","background-media":"","overlay-type":"","overlay-color":"","overlay-opacity":"","overlay-gradient":""},"mobile":{"background-color":"","background-image":"","background-repeat":"repeat","background-position":"center center","background-size":"auto","background-attachment":"scroll","background-type":"","background-media":"","overlay-type":"","overlay-color":"","overlay-opacity":"","overlay-gradient":""}},"ast-content-background-meta":{"desktop":{"background-color":"var(--ast-global-color-5)","background-image":"","background-repeat":"repeat","background-position":"center center","background-size":"auto","background-attachment":"scroll","background-type":"","background-media":"","overlay-type":"","overlay-color":"","overlay-opacity":"","overlay-gradient":""},"tablet":{"background-color":"var(--ast-global-color-5)","background-image":"","background-repeat":"repeat","background-position":"center center","background-size":"auto","background-attachment":"scroll","background-type":"","background-media":"","overlay-type":"","overlay-color":"","overlay-opacity":"","overlay-gradient":""},"mobile":{"background-color":"var(--ast-global-color-5)","background-image":"","background-repeat":"repeat","background-position":"center center","background-size":"auto","background-attachment":"scroll","background-type":"","background-media":"","overlay-type":"","overlay-color":"","overlay-opacity":"","overlay-gradient":""}},"footnotes":""},"class_list":["post-165","page","type-page","status-publish","hentry"],"_links":{"self":[{"href":"https:\/\/cap-minceur.fr\/de\/wp-json\/wp\/v2\/pages\/165","targetHints":{"allow":["GET"]}}],"collection":[{"href":"https:\/\/cap-minceur.fr\/de\/wp-json\/wp\/v2\/pages"}],"about":[{"href":"https:\/\/cap-minceur.fr\/de\/wp-json\/wp\/v2\/types\/page"}],"author":[{"embeddable":true,"href":"https:\/\/cap-minceur.fr\/de\/wp-json\/wp\/v2\/users\/1"}],"replies":[{"embeddable":true,"href":"https:\/\/cap-minceur.fr\/de\/wp-json\/wp\/v2\/comments?post=165"}],"version-history":[{"count":1,"href":"https:\/\/cap-minceur.fr\/de\/wp-json\/wp\/v2\/pages\/165\/revisions"}],"predecessor-version":[{"id":168,"href":"https:\/\/cap-minceur.fr\/de\/wp-json\/wp\/v2\/pages\/165\/revisions\/168"}],"wp:attachment":[{"href":"https:\/\/cap-minceur.fr\/de\/wp-json\/wp\/v2\/media?parent=165"}],"curies":[{"name":"wp","href":"https:\/\/api.w.org\/{rel}","templated":true}]}}