{"id":67,"date":"2024-12-10T12:51:45","date_gmt":"2024-12-10T12:51:45","guid":{"rendered":"https:\/\/cap-minceur.fr\/?page_id=67"},"modified":"2024-12-10T13:18:38","modified_gmt":"2024-12-10T13:18:38","slug":"elektrostimulation-carnoux-cassis","status":"publish","type":"page","link":"https:\/\/cap-minceur.fr\/de\/elektrostimulation-carnoux-cassis\/","title":{"rendered":"Elektrostimulation: Revolutionieren Sie Ihre Art, Sport zu treiben"},"content":{"rendered":"<p>Die Elektrostimulation der Muskeln revolutioniert den traditionellen Ansatz der Fitness. Diese fortschrittliche Technologie erm\u00f6glicht es Ihnen, jede Sekunde Ihres Trainings zu optimieren, indem sie alle Ihre Muskelgruppen gleichzeitig stimuliert. Schluss mit der Zeitverschwendung zwischen den Ger\u00e4ten, endlosen S\u00e4tzen und langen Erholungszeiten.<\/p>\n\n\n\n<p>Ob Sie ein dynamischer Manager mit Zeitmangel sind oder ein Sportler, der seine Leistung optimieren m\u00f6chte, diese L\u00f6sung scheint wie f\u00fcr Sie gemacht zu sein. Die Elektrostimulation der Muskeln bietet eine L\u00f6sung, die an Ihren Lebensrhythmus angepasst ist. Diese innovative Trainingsmethode verdichtet das \u00c4quivalent von 4 Stunden herk\u00f6mmlicher \u00dcbungen in einer intensiven 20-min\u00fctigen Sitzung, wobei die Wirksamkeit und die Ergebnisse erhalten bleiben.<\/p>\n\n\n\n<h2 class=\"wp-block-heading\">EMS-Elektrostimulation: Eine Technologie, die das Training neu erfindet<\/h2>\n\n\n\n<p>Wie funktioniert das? Stellen Sie sich Ihr nat\u00fcrliches Nervensystem vor, das elektrische Impulse an Ihre Muskeln sendet, um sie zum Arbeiten zu bringen. Die Elektrostimulation bildet genau diesen Prozess nach, allerdings in optimierter Form. Mithilfe eines Anzugs, der mit 18 strategisch platzierten Elektroden ausgestattet ist, zielt diese Technologie gleichzeitig auf Ihre 9 Hauptmuskelgruppen ab.<\/p>\n\n\n\n<p>Sichtbare Ergebnisse :<\/p>\n\n\n\n<ul class=\"wp-block-list\">\n<li>Schnelle und konstante Reduzierung der K\u00f6rpermasse<\/li>\n\n\n\n<li>Erh\u00f6hung der Muskelkraft<\/li>\n\n\n\n<li>Verbesserung der Flexibilit\u00e4t<\/li>\n\n\n\n<li>Sichtbare Straffung der Haut<\/li>\n\n\n\n<li>Optimierung des Basalstoffwechsels<\/li>\n<\/ul>\n\n\n\n<h2 class=\"wp-block-heading\">Elektrostimulation, eine intelligente Technologie, die f\u00fcr alle geeignet ist<\/h2>\n\n\n\n<p>Die neueste Generation von I-Motion-Ger\u00e4ten verwendet eine Bluetooth-Verbindung, die :<\/p>\n\n\n\n<ul class=\"wp-block-list\">\n<li>Volle Bewegungsfreiheit (Reichweite bis zu 100 Meter)<\/li>\n\n\n\n<li>Mehr als 20 anpassbare Programme<\/li>\n\n\n\n<li>Ein auf Ihre Ziele zugeschnittenes Coaching<\/li>\n\n\n\n<li>Eine pr\u00e4zise und kontrollierte Muskelstimulation<\/li>\n<\/ul>\n\n\n\n<p>Spezifische Anwendungen :<\/p>\n\n\n\n<ul class=\"wp-block-list\">\n<li>Gewichtsverlust und Verfeinerung<\/li>\n\n\n\n<li>Aufbau von Muskelmasse<\/li>\n\n\n\n<li>Drainage und Anti-Cellulite-Kampf<\/li>\n\n\n\n<li>Erholung nach der Anstrengung<\/li>\n\n\n\n<li>Rehabilitation nach Verletzungen<\/li>\n\n\n\n<li>Linderung von chronischen Schmerzen<\/li>\n<\/ul>\n\n\n\n<h2 class=\"wp-block-heading\">Wie beginne ich mit der Elektrostimulation?<\/h2>\n\n\n\n<p>In der Regel werden Sie von erfahrenen Coaches begleitet. W\u00e4hrend einer Probesitzung werden Sie mit Ihnen zusammenarbeiten, um zu sehen, wie Sie sich f\u00fchlen:<\/p>\n\n\n\n<ul class=\"wp-block-list\">\n<li>Ihre spezifischen Bed\u00fcrfnisse<\/li>\n\n\n\n<li>Ihre pers\u00f6nlichen Ziele<\/li>\n\n\n\n<li>passen die Intensit\u00e4t an Ihr Niveau an<\/li>\n\n\n\n<li>erstellen Ihr ma\u00dfgeschneidertes Programm<\/li>\n<\/ul>\n\n\n\n<h3 class=\"wp-block-heading\">Diese Methode ist nicht geeignet f\u00fcr Personen :<\/h3>\n\n\n\n<ul class=\"wp-block-list\">\n<li>Tragen eines Herzschrittmachers<\/li>\n\n\n\n<li>An einer k\u00fcrzlich erlittenen Muskelverletzung leiden<\/li>\n\n\n\n<li>W\u00e4hrend der Schwangerschaft<\/li>\n<\/ul>\n\n\n\n<p>Denken Sie daran: Die Elektrostimulation ist zwar revolution\u00e4r, aber keine Wunderl\u00f6sung. Sie stellt ein m\u00e4chtiges Werkzeug dar, mit dem Sie in Kombination mit einer ausgewogenen Ern\u00e4hrung und einem gesunden Lebensstil Ihre Ziele effektiver und schneller erreichen k\u00f6nnen als mit herk\u00f6mmlichen Methoden.<\/p>\n\n\n\n<p>Haben Sie Lust, diese Fitnessrevolution zu entdecken? Unsere Trainer erwarten Sie zu einem kostenlosen Probetraining in unserem Zentrum I-Motion corner in Carnoux en Provence, dem Pionier der Elektrofitness in der Region.<\/p>\n\n\n\n<h2 class=\"wp-block-heading\">Seiten, die Ihnen gefallen k\u00f6nnten :<\/h2>\n\n\n\n<ul class=\"wp-block-list\">\n<li><strong><a href=\"https:\/\/cap-minceur.fr\/de\/powerplate-carnoux-cassis\/\">Powerplate: Die Vorteile dieses Tools!<\/a><\/strong><\/li>\n\n\n\n<li><strong><a href=\"https:\/\/cap-minceur.fr\/de\/ernahrung-carnoux-cassis-luxopuncture\/\">Ern\u00e4hrung und Luxopunktur<\/a><\/strong><\/li>\n\n\n\n<li><strong><a href=\"https:\/\/cap-minceur.fr\/de\/schlankheitstechnologien-carnoux-cassis\/\">Schlankheitstechnologien<\/a><\/strong><\/li>\n<\/ul>","protected":false},"excerpt":{"rendered":"<p>Die elektrische Muskelstimulation revolutioniert den traditionellen Ansatz der Fitness. Diese fortschrittliche Technologie erm\u00f6glicht es Ihnen, jede Sekunde Ihres Trainings zu optimieren, indem sie gleichzeitig [...] stimuliert.<\/p>","protected":false},"author":1,"featured_media":118,"parent":0,"menu_order":0,"comment_status":"closed","ping_status":"closed","template":"","meta":{"_seopress_robots_primary_cat":"","_seopress_titles_title":"Electrostimulation : comprendre les bienfaits pour le corps","_seopress_titles_desc":"D\u00e9couvrez ce que peut vous apporter l'\u00e9lectrostimulation, en compl\u00e9ment de vos activit\u00e9s quotidiennes !","_seopress_robots_index":"","site-sidebar-layout":"default","site-content-layout":"","ast-site-content-layout":"","site-content-style":"default","site-sidebar-style":"default","ast-global-header-display":"","ast-banner-title-visibility":"","ast-main-header-display":"","ast-hfb-above-header-display":"","ast-hfb-below-header-display":"","ast-hfb-mobile-header-display":"","site-post-title":"","ast-breadcrumbs-content":"","ast-featured-img":"","footer-sml-layout":"","theme-transparent-header-meta":"","adv-header-id-meta":"","stick-header-meta":"","header-above-stick-meta":"","header-main-stick-meta":"","header-below-stick-meta":"","astra-migrate-meta-layouts":"default","ast-page-background-enabled":"default","ast-page-background-meta":{"desktop":{"background-color":"var(--ast-global-color-4)","background-image":"","background-repeat":"repeat","background-position":"center center","background-size":"auto","background-attachment":"scroll","background-type":"","background-media":"","overlay-type":"","overlay-color":"","overlay-opacity":"","overlay-gradient":""},"tablet":{"background-color":"","background-image":"","background-repeat":"repeat","background-position":"center center","background-size":"auto","background-attachment":"scroll","background-type":"","background-media":"","overlay-type":"","overlay-color":"","overlay-opacity":"","overlay-gradient":""},"mobile":{"background-color":"","background-image":"","background-repeat":"repeat","background-position":"center center","background-size":"auto","background-attachment":"scroll","background-type":"","background-media":"","overlay-type":"","overlay-color":"","overlay-opacity":"","overlay-gradient":""}},"ast-content-background-meta":{"desktop":{"background-color":"var(--ast-global-color-5)","background-image":"","background-repeat":"repeat","background-position":"center center","background-size":"auto","background-attachment":"scroll","background-type":"","background-media":"","overlay-type":"","overlay-color":"","overlay-opacity":"","overlay-gradient":""},"tablet":{"background-color":"var(--ast-global-color-5)","background-image":"","background-repeat":"repeat","background-position":"center center","background-size":"auto","background-attachment":"scroll","background-type":"","background-media":"","overlay-type":"","overlay-color":"","overlay-opacity":"","overlay-gradient":""},"mobile":{"background-color":"var(--ast-global-color-5)","background-image":"","background-repeat":"repeat","background-position":"center center","background-size":"auto","background-attachment":"scroll","background-type":"","background-media":"","overlay-type":"","overlay-color":"","overlay-opacity":"","overlay-gradient":""}},"footnotes":""},"class_list":["post-67","page","type-page","status-publish","has-post-thumbnail","hentry"],"_links":{"self":[{"href":"https:\/\/cap-minceur.fr\/de\/wp-json\/wp\/v2\/pages\/67","targetHints":{"allow":["GET"]}}],"collection":[{"href":"https:\/\/cap-minceur.fr\/de\/wp-json\/wp\/v2\/pages"}],"about":[{"href":"https:\/\/cap-minceur.fr\/de\/wp-json\/wp\/v2\/types\/page"}],"author":[{"embeddable":true,"href":"https:\/\/cap-minceur.fr\/de\/wp-json\/wp\/v2\/users\/1"}],"replies":[{"embeddable":true,"href":"https:\/\/cap-minceur.fr\/de\/wp-json\/wp\/v2\/comments?post=67"}],"version-history":[{"count":3,"href":"https:\/\/cap-minceur.fr\/de\/wp-json\/wp\/v2\/pages\/67\/revisions"}],"predecessor-version":[{"id":129,"href":"https:\/\/cap-minceur.fr\/de\/wp-json\/wp\/v2\/pages\/67\/revisions\/129"}],"wp:featuredmedia":[{"embeddable":true,"href":"https:\/\/cap-minceur.fr\/de\/wp-json\/wp\/v2\/media\/118"}],"wp:attachment":[{"href":"https:\/\/cap-minceur.fr\/de\/wp-json\/wp\/v2\/media?parent=67"}],"curies":[{"name":"wp","href":"https:\/\/api.w.org\/{rel}","templated":true}]}}