{"id":80,"date":"2024-12-10T08:35:22","date_gmt":"2024-12-10T08:35:22","guid":{"rendered":"https:\/\/cap-minceur.fr\/?page_id=80"},"modified":"2024-12-10T13:19:29","modified_gmt":"2024-12-10T13:19:29","slug":"ernahrung-carnoux-cassis-luxopuncture","status":"publish","type":"page","link":"https:\/\/cap-minceur.fr\/de\/ernahrung-carnoux-cassis-luxopuncture\/","title":{"rendered":"Ern\u00e4hrung und Luxopunktur: Nat\u00fcrliche L\u00f6sungen, um Ihr Gleichgewicht wiederzufinden!"},"content":{"rendered":"<p>Sind Sie es leid, sich mit Di\u00e4ten herumzuschlagen, die nicht funktionieren? Sind Sie frustriert von widerspr\u00fcchlichen Ern\u00e4hrungsratschl\u00e4gen, die Sie ratlos zur\u00fccklassen? Sie sind nicht allein. Tausende von Menschen wie Sie suchen nach einem gesunden Verh\u00e4ltnis zu ihrer Ern\u00e4hrung, ohne immer mehr Einschr\u00e4nkungen hinzunehmen.<\/p>\n\n\n\n<p>Erfahren Sie, wie ein individueller Ansatz, der intelligente Ern\u00e4hrung und Luxopunktur kombiniert, Ihnen helfen kann, Ihre Ziele dauerhaft zu erreichen. Ohne Frustration, ohne Jo-Jo-Effekt und vor allem mit R\u00fccksicht auf Ihren K\u00f6rper.<\/p>\n\n\n\n<h2 class=\"wp-block-heading\">Ern\u00e4hrung: Ihr t\u00e4glicher Gesundheitsverb\u00fcndeter<\/h2>\n\n\n\n<p>Stellen Sie sich vor, Sie k\u00f6nnten sich gesund ern\u00e4hren, ohne sich den Kopf zerbrechen zu m\u00fcssen, endlich verstehen, was \"richtig essen\" bedeutet, und dauerhafte Ergebnisse f\u00fcr Ihre Gesundheit sehen. Die pers\u00f6nliche Ern\u00e4hrungsberatung macht all dies m\u00f6glich.<\/p>\n\n\n\n<p>Wie funktioniert das Ganze? Alles beginnt mit einer einst\u00fcndigen gr\u00fcndlichen Ern\u00e4hrungsanalyse. In dieser besonderen Zeit k\u00f6nnen wir Ihre Gewohnheiten analysieren, Ihre Beziehung zur Ern\u00e4hrung verstehen und m\u00f6gliche Ungleichgewichte in der Ern\u00e4hrung feststellen. Ihr K\u00f6rper ist einzigartig, also ist es auch Ihr Ern\u00e4hrungsprogramm.<\/p>\n\n\n\n<p>Festgestellte Gewinne :<\/p>\n\n\n\n<ul class=\"wp-block-list\">\n<li>Pr\u00e4vention von chronischen Krankheiten<\/li>\n\n\n\n<li>Verbesserung der k\u00f6rperlichen und geistigen Leistungsf\u00e4higkeit<\/li>\n\n\n\n<li>Optimierung der Vitalit\u00e4t<\/li>\n\n\n\n<li>Versch\u00f6nerung der Haut<\/li>\n\n\n\n<li>St\u00e4rkung des moralischen Wohlbefindens<\/li>\n<\/ul>\n\n\n\n<p>Pers\u00f6nliche Betreuung 30-min\u00fctige Folgesprechstunden begleiten Sie bei Ihren Fortschritten. Die H\u00e4ufigkeit passt sich Ihren Bed\u00fcrfnissen an: anfangs alle 2 Wochen, dann schrittweise Abst\u00e4nde je nach Ihren Ergebnissen und Zielen.<\/p>\n\n\n\n<h2 class=\"wp-block-heading\">Luxopunktur: Die sanfte Technologie, um Ihren K\u00f6rper wieder ins Gleichgewicht zu bringen<\/h2>\n\n\n\n<p>Dieser innovative Ansatz nutzt die Kraft der Infrarotstrahlen, um bestimmte Reflexpunkte Ihres K\u00f6rpers zu stimulieren. Stellen Sie sich eine moderne, nicht-invasive Version der traditionellen Akupunktur vor, die speziell daf\u00fcr entwickelt wurde, Ihnen zu helfen, Ihr nat\u00fcrliches Gleichgewicht wiederzufinden.<\/p>\n\n\n\n<p>Wie funktioniert die Methode? Die Luxopunktur-Technologie sendet gezielt Infrarotstrahlung aus, die Ihre Nervenenden stimuliert. Diese sanfte Stimulation aktiviert Ihr vegetatives Nervensystem und l\u00f6st eine Kaskade nat\u00fcrlicher Reaktionen in Ihrem K\u00f6rper aus.<\/p>\n\n\n\n<p>Sichtbare Ergebnisse :<\/p>\n\n\n\n<ul class=\"wp-block-list\">\n<li>Nat\u00fcrliche Appetitregulierung<\/li>\n\n\n\n<li>Verminderte Esszw\u00e4nge<\/li>\n\n\n\n<li>Verbesserung der Schlafqualit\u00e4t<\/li>\n\n\n\n<li>Optimierung des Transits<\/li>\n\n\n\n<li>Drainage der Retentionen<\/li>\n<\/ul>\n\n\n\n<p>Die Einrichtungen, die diesen Service anbieten, haben als Besonderheiten :<\/p>\n\n\n\n<ul class=\"wp-block-list\">\n<li>W\u00f6chentliche Sitzungen von 30 Minuten<\/li>\n\n\n\n<li>Stimulierung von etwa 30 strategischen Punkten<\/li>\n\n\n\n<li>Preis: 45\u20ac\/Sitzung im Rahmen einer Kur (im Durchschnitt)<\/li>\n\n\n\n<li>Zufriedenheitsgrad von 95,6%<\/li>\n\n\n\n<li>Pers\u00f6nliche Betreuung mit progressiven Abst\u00e4nden zwischen den Sitzungen<\/li>\n<\/ul>\n\n\n\n<p>Ein ganzheitlicher Ansatz Die Kombination aus Ern\u00e4hrung und Luxopunktur bietet eine umfassende L\u00f6sung, um Ihr Wohlf\u00fchlgewicht wiederzuerlangen. Diese Synergie erm\u00f6glicht es, gleichzeitig auf Ihre Essgewohnheiten und auf die physiologischen Mechanismen einzuwirken, die Ihr Verh\u00e4ltnis zum Essen beeinflussen.<\/p>\n\n\n\n<p>Denken Sie daran: Bei diesem Ansatz handelt es sich nicht um eine x-te restriktive Di\u00e4t, sondern um eine echte Begleitung zu einem ges\u00fcnderen und ausgewogeneren Lebensstil. Die Ergebnisse sind progressiv und dauerhaft, da sie Teil einer umfassenden \u00c4nderung Ihrer Gewohnheiten sind.<\/p>\n\n\n\n<h2 class=\"wp-block-heading\">Seiten, die Ihnen gefallen k\u00f6nnten :<\/h2>\n\n\n\n<ul class=\"wp-block-list\">\n<li><strong><a href=\"https:\/\/cap-minceur.fr\/de\/elektrostimulation-carnoux-cassis\/\">Elektrostimulation<\/a><\/strong><\/li>\n\n\n\n<li><strong><a href=\"https:\/\/cap-minceur.fr\/de\/powerplate-carnoux-cassis\/\">Powerplate: Was ist das?<\/a><\/strong><\/li>\n\n\n\n<li><strong><a href=\"https:\/\/cap-minceur.fr\/de\/schlankheitstechnologien-carnoux-cassis\/\">Schlankheitstechnologien<\/a><\/strong><\/li>\n<\/ul>\n\n\n\n<p><\/p>","protected":false},"excerpt":{"rendered":"<p>Sind Sie es leid, sich mit Di\u00e4ten herumzuschlagen, die nicht funktionieren? Sie sind frustriert von widerspr\u00fcchlichen Ern\u00e4hrungsratschl\u00e4gen, die Sie ratlos zur\u00fccklassen? [...]<\/p>","protected":false},"author":1,"featured_media":117,"parent":0,"menu_order":0,"comment_status":"closed","ping_status":"closed","template":"","meta":{"_seopress_robots_primary_cat":"","_seopress_titles_title":"Nutrition et luxopuncture : retrouver un \u00e9quilibre sain !","_seopress_titles_desc":"D\u00e9couvrez les bienfaits de luxopuncture pour retrouver une forme physique qui vous plait !","_seopress_robots_index":"","site-sidebar-layout":"default","site-content-layout":"","ast-site-content-layout":"","site-content-style":"default","site-sidebar-style":"default","ast-global-header-display":"","ast-banner-title-visibility":"","ast-main-header-display":"","ast-hfb-above-header-display":"","ast-hfb-below-header-display":"","ast-hfb-mobile-header-display":"","site-post-title":"","ast-breadcrumbs-content":"","ast-featured-img":"","footer-sml-layout":"","theme-transparent-header-meta":"","adv-header-id-meta":"","stick-header-meta":"","header-above-stick-meta":"","header-main-stick-meta":"","header-below-stick-meta":"","astra-migrate-meta-layouts":"default","ast-page-background-enabled":"default","ast-page-background-meta":{"desktop":{"background-color":"var(--ast-global-color-4)","background-image":"","background-repeat":"repeat","background-position":"center center","background-size":"auto","background-attachment":"scroll","background-type":"","background-media":"","overlay-type":"","overlay-color":"","overlay-opacity":"","overlay-gradient":""},"tablet":{"background-color":"","background-image":"","background-repeat":"repeat","background-position":"center center","background-size":"auto","background-attachment":"scroll","background-type":"","background-media":"","overlay-type":"","overlay-color":"","overlay-opacity":"","overlay-gradient":""},"mobile":{"background-color":"","background-image":"","background-repeat":"repeat","background-position":"center center","background-size":"auto","background-attachment":"scroll","background-type":"","background-media":"","overlay-type":"","overlay-color":"","overlay-opacity":"","overlay-gradient":""}},"ast-content-background-meta":{"desktop":{"background-color":"var(--ast-global-color-5)","background-image":"","background-repeat":"repeat","background-position":"center center","background-size":"auto","background-attachment":"scroll","background-type":"","background-media":"","overlay-type":"","overlay-color":"","overlay-opacity":"","overlay-gradient":""},"tablet":{"background-color":"var(--ast-global-color-5)","background-image":"","background-repeat":"repeat","background-position":"center center","background-size":"auto","background-attachment":"scroll","background-type":"","background-media":"","overlay-type":"","overlay-color":"","overlay-opacity":"","overlay-gradient":""},"mobile":{"background-color":"var(--ast-global-color-5)","background-image":"","background-repeat":"repeat","background-position":"center center","background-size":"auto","background-attachment":"scroll","background-type":"","background-media":"","overlay-type":"","overlay-color":"","overlay-opacity":"","overlay-gradient":""}},"footnotes":""},"class_list":["post-80","page","type-page","status-publish","has-post-thumbnail","hentry"],"_links":{"self":[{"href":"https:\/\/cap-minceur.fr\/de\/wp-json\/wp\/v2\/pages\/80","targetHints":{"allow":["GET"]}}],"collection":[{"href":"https:\/\/cap-minceur.fr\/de\/wp-json\/wp\/v2\/pages"}],"about":[{"href":"https:\/\/cap-minceur.fr\/de\/wp-json\/wp\/v2\/types\/page"}],"author":[{"embeddable":true,"href":"https:\/\/cap-minceur.fr\/de\/wp-json\/wp\/v2\/users\/1"}],"replies":[{"embeddable":true,"href":"https:\/\/cap-minceur.fr\/de\/wp-json\/wp\/v2\/comments?post=80"}],"version-history":[{"count":5,"href":"https:\/\/cap-minceur.fr\/de\/wp-json\/wp\/v2\/pages\/80\/revisions"}],"predecessor-version":[{"id":131,"href":"https:\/\/cap-minceur.fr\/de\/wp-json\/wp\/v2\/pages\/80\/revisions\/131"}],"wp:featuredmedia":[{"embeddable":true,"href":"https:\/\/cap-minceur.fr\/de\/wp-json\/wp\/v2\/media\/117"}],"wp:attachment":[{"href":"https:\/\/cap-minceur.fr\/de\/wp-json\/wp\/v2\/media?parent=80"}],"curies":[{"name":"wp","href":"https:\/\/api.w.org\/{rel}","templated":true}]}}