{"id":165,"date":"2024-12-16T13:42:16","date_gmt":"2024-12-16T13:42:16","guid":{"rendered":"https:\/\/cap-minceur.fr\/?page_id=165"},"modified":"2024-12-16T13:42:16","modified_gmt":"2024-12-16T13:42:16","slug":"aviso-legal","status":"publish","type":"page","link":"https:\/\/cap-minceur.fr\/es\/aviso-legal\/","title":{"rendered":"Informaci\u00f3n jur\u00eddica"},"content":{"rendered":"<h2 class=\"wp-block-heading\">Condiciones de uso<\/h2>\n\n\n\n<p>Al navegar por el sitio web cap-minceur.fr, acepta plenamente las condiciones generales de uso que se exponen a continuaci\u00f3n. cap-minceur.fr es accesible en todo momento, aunque el webmaster puede decidir interrumpir el sitio web por motivos de mantenimiento.<\/p>\n\n\n\n<p>El webmaster de cap-minceur.fr se reserva el derecho de modificar las Condiciones de Uso en cualquier momento y sin previo aviso. En particular, con el fin de tener en cuenta cualquier evoluci\u00f3n legal, jurisprudencial, editorial y\/o t\u00e9cnica. Las \u00fanicas CGU jur\u00eddicamente vinculantes son las disponibles en esta p\u00e1gina.<\/p>\n\n\n\n<p>Las nuevas funciones y herramientas que se a\u00f1adan a esta tienda en el futuro tambi\u00e9n estar\u00e1n sujetas a estas Condiciones de uso.  Es su responsabilidad consultar esta p\u00e1gina con regularidad para comprobar si se han producido cambios. El uso continuado o el acceso al sitio web tras la publicaci\u00f3n de cualquier cambio constituye la aceptaci\u00f3n de dichos cambios.<\/p>\n\n\n\n<p>Nuestro sitio web est\u00e1 alojado en PlanetHoster y utiliza WordPress.&nbsp;<\/p>\n\n\n\n<h2 class=\"wp-block-heading\">Art\u00edculo 1 CONDICIONES GENERALES<\/h2>\n\n\n\n<p>Nos reservamos el derecho a denegar el acceso a los servicios a cualquier persona en cualquier momento y por cualquier motivo.<\/p>\n\n\n\n<p>Usted se compromete a no reproducir, duplicar, copiar, vender, revender o explotar cualquier parte del Servicio o el uso del Servicio, o cualquier acceso al Servicio o contacto en el sitio web a trav\u00e9s del cual se presta el Servicio, sin nuestro permiso expreso previo por escrito.<\/p>\n\n\n\n<p>Los t\u00edtulos utilizados en este acuerdo se incluyen para su comodidad, y no limitar\u00e1n ni afectar\u00e1n a estas Condiciones.<\/p>\n\n\n\n<h2 class=\"wp-block-heading\">Art\u00edculo 2 PRECISI\u00d3N, EXACTITUD Y ACTUALIDAD DE LA INFORMACI\u00d3N<\/h2>\n\n\n\n<p>No nos hacemos responsables si la informaci\u00f3n disponible en este sitio no es exacta, completa o actualizada. El contenido de este sitio se ofrece \u00fanicamente con fines informativos y no debe utilizarse como \u00fanica fuente de informaci\u00f3n para tomar decisiones sin consultar antes fuentes de informaci\u00f3n m\u00e1s precisas, completas y actualizadas. Si decide confiar en el contenido presentado en este sitio, lo hace bajo su propia responsabilidad.<br><br>Este sitio puede contener cierta informaci\u00f3n anterior. Esta informaci\u00f3n anterior, por su naturaleza, no est\u00e1 actualizada y se facilita \u00fanicamente a t\u00edtulo informativo. Nos reservamos el derecho a modificar el contenido de este sitio en cualquier momento, pero no tenemos obligaci\u00f3n alguna de actualizar la informaci\u00f3n contenida en \u00e9l. Usted acepta que es su responsabilidad supervisar los cambios en nuestro sitio.<\/p>\n\n\n\n<h2 class=\"wp-block-heading\">Art\u00edculo 3 DATOS PERSONALES<\/h2>\n\n\n\n<p>El webmaster, como responsable del tratamiento de datos en el Sitio, no revela a terceros ninguno de los datos personales que usted pueda transmitirle.<\/p>\n\n\n\n<p>Sus datos personales s\u00f3lo pueden transmitirse a trav\u00e9s de comentarios y del formulario de contacto de cap-minceur.fr.<\/p>\n\n\n\n<p>Si comparte datos personales, se tratar\u00e1n con el fin de responder lo m\u00e1s eficazmente posible a sus solicitudes.<\/p>\n\n\n\n<p>Recogida de datos sobre perfiles y datos t\u00e9cnicos a efectos de la prestaci\u00f3n del servicio: Algunos de los datos t\u00e9cnicos de su dispositivo son recogidos autom\u00e1ticamente por el Sitio. Esta informaci\u00f3n incluye, en particular, su direcci\u00f3n IP, proveedor de acceso a Internet, configuraci\u00f3n de hardware, configuraci\u00f3n de software, tipo de navegador e idioma, etc. La recopilaci\u00f3n de estos datos es necesaria para la prestaci\u00f3n de servicios.<\/p>\n\n\n\n<p>Los datos t\u00e9cnicos de su dispositivo son recogidos y registrados autom\u00e1ticamente por el Sitio con fines publicitarios, comerciales y estad\u00edsticos. Esta informaci\u00f3n nos ayuda a personalizar y mejorar continuamente su experiencia en nuestro Sitio. No recogemos ni almacenamos ning\u00fan dato personal (apellidos, nombre, direcci\u00f3n, etc.) que pueda estar asociado a los datos t\u00e9cnicos.<\/p>\n\n\n\n<h2 class=\"wp-block-heading\">Art\u00edculo 4 COOKIES<\/h2>\n\n\n\n<p>Periodo de conservaci\u00f3n de las cookies: De conformidad con las recomendaciones de la CNIL, el periodo m\u00e1ximo de conservaci\u00f3n de las cookies es de 13 meses desde que se colocan por primera vez en el terminal del Usuario, al igual que el periodo de validez del consentimiento del Usuario para el uso de estas cookies. La vida \u00fatil de las cookies no se prolonga con cada visita. Por lo tanto, el consentimiento del Usuario debe renovarse al final de este per\u00edodo.<\/p>\n\n\n\n<p>Las cookies pueden utilizarse con fines estad\u00edsticos, en particular para optimizar los servicios prestados al Usuario, mediante el tratamiento de informaci\u00f3n relativa a la frecuencia de acceso, la personalizaci\u00f3n de las p\u00e1ginas, las operaciones realizadas y la informaci\u00f3n consultada.<\/p>\n\n\n\n<p><br>Se le informa de que el Editor puede colocar cookies en su terminal. La cookie registra informaci\u00f3n relativa a su navegaci\u00f3n en el servicio (las p\u00e1ginas que ha visitado, la fecha y la hora de la visita, etc.) que podremos leer en sus visitas posteriores.<\/p>\n\n\n\n<p>Usted reconoce haber sido informado de que el Editor puede utilizar cookies, y autoriza a hacerlo. Si no desea que se utilicen cookies en su terminal, la mayor\u00eda de los navegadores le permiten desactivarlas a trav\u00e9s de las opciones de configuraci\u00f3n. No obstante, debe tener en cuenta que es posible que algunos servicios dejen de funcionar correctamente.<\/p>\n\n\n\n<h2 class=\"wp-block-heading\">Cl\u00e1usula 5 LIMITACI\u00d3N DE RESPONSABILIDAD<\/h2>\n\n\n\n<p>cap-minceur.fr hace todo lo posible por presentar una informaci\u00f3n exacta y actualizada. No obstante, cap-minceur.fr no puede garantizar la exactitud, precisi\u00f3n, actualizaci\u00f3n o exhaustividad de la informaci\u00f3n puesta a disposici\u00f3n en el Sitio.<\/p>\n\n\n\n<p>Los visitantes y comerciantes siguen siendo propietarios de la informaci\u00f3n que comunican. El webmaster de cap-minceur.fr declina toda responsabilidad en caso de declaraciones falsas por parte de un comerciante o usuario.<\/p>\n\n\n\n<p>Por lo tanto, el comerciante y el usuario aceptan la responsabilidad legal y penal por la informaci\u00f3n que faciliten, as\u00ed como las consecuencias legales y penales que puedan derivarse en caso de litigio.<\/p>\n\n\n\n<p>Por consiguiente, a excepci\u00f3n de los da\u00f1os directos resultantes de una negligencia grave o de una falta intencionada del webmaster de cap-minceur.fr, \u00e9ste declina toda responsabilidad:<\/p>\n\n\n\n<ul class=\"wp-block-list\">\n<li>Por cualquier imprecisi\u00f3n, inexactitud u omisi\u00f3n en la informaci\u00f3n disponible;<\/li>\n\n\n\n<li>Por cualquier da\u00f1o resultante de la intrusi\u00f3n fraudulenta de un tercero que provoque la modificaci\u00f3n de la informaci\u00f3n o los elementos puestos a disposici\u00f3n;<\/li>\n\n\n\n<li>Y m\u00e1s generalmente por cualquier da\u00f1o, directo o indirecto, cualquiera que sea la causa, el origen, la naturaleza o las consecuencias, incluso sicap-minceur.fr ha sido advertido de la posibilidad de tales da\u00f1os, causados por el acceso de cualquier persona a la plataforma o la imposibilidad de acceder a ella, el uso del Sitio, incluidos los da\u00f1os o virus que puedan infectar su equipo inform\u00e1tico o cualquier otro bien, y\/o el cr\u00e9dito dado a cualquier informaci\u00f3n procedente directa o indirectamente del Sitio.<\/li>\n<\/ul>\n\n\n\n<p>Los elementos del Sitio o de cualquier otro sitio se proporcionan \"tal cual\", sin ninguna garant\u00eda, impl\u00edcita o expl\u00edcita.<\/p>","protected":false},"excerpt":{"rendered":"<p>Conditions G\u00e9n\u00e9rales d&rsquo;Utilisation En naviguant sur le site cap-minceur.fr, vous acceptez pleinement et enti\u00e8rement les conditions g\u00e9n\u00e9rales d\u2019utilisation ci-dessous. cap-minceur.fr [&hellip;]<\/p>","protected":false},"author":1,"featured_media":0,"parent":0,"menu_order":0,"comment_status":"closed","ping_status":"closed","template":"","meta":{"_seopress_robots_primary_cat":"","_seopress_titles_title":"","_seopress_titles_desc":"","_seopress_robots_index":"yes","site-sidebar-layout":"default","site-content-layout":"","ast-site-content-layout":"","site-content-style":"default","site-sidebar-style":"default","ast-global-header-display":"","ast-banner-title-visibility":"","ast-main-header-display":"","ast-hfb-above-header-display":"","ast-hfb-below-header-display":"","ast-hfb-mobile-header-display":"","site-post-title":"","ast-breadcrumbs-content":"","ast-featured-img":"","footer-sml-layout":"","theme-transparent-header-meta":"","adv-header-id-meta":"","stick-header-meta":"","header-above-stick-meta":"","header-main-stick-meta":"","header-below-stick-meta":"","astra-migrate-meta-layouts":"default","ast-page-background-enabled":"default","ast-page-background-meta":{"desktop":{"background-color":"var(--ast-global-color-4)","background-image":"","background-repeat":"repeat","background-position":"center center","background-size":"auto","background-attachment":"scroll","background-type":"","background-media":"","overlay-type":"","overlay-color":"","overlay-opacity":"","overlay-gradient":""},"tablet":{"background-color":"","background-image":"","background-repeat":"repeat","background-position":"center center","background-size":"auto","background-attachment":"scroll","background-type":"","background-media":"","overlay-type":"","overlay-color":"","overlay-opacity":"","overlay-gradient":""},"mobile":{"background-color":"","background-image":"","background-repeat":"repeat","background-position":"center center","background-size":"auto","background-attachment":"scroll","background-type":"","background-media":"","overlay-type":"","overlay-color":"","overlay-opacity":"","overlay-gradient":""}},"ast-content-background-meta":{"desktop":{"background-color":"var(--ast-global-color-5)","background-image":"","background-repeat":"repeat","background-position":"center center","background-size":"auto","background-attachment":"scroll","background-type":"","background-media":"","overlay-type":"","overlay-color":"","overlay-opacity":"","overlay-gradient":""},"tablet":{"background-color":"var(--ast-global-color-5)","background-image":"","background-repeat":"repeat","background-position":"center center","background-size":"auto","background-attachment":"scroll","background-type":"","background-media":"","overlay-type":"","overlay-color":"","overlay-opacity":"","overlay-gradient":""},"mobile":{"background-color":"var(--ast-global-color-5)","background-image":"","background-repeat":"repeat","background-position":"center center","background-size":"auto","background-attachment":"scroll","background-type":"","background-media":"","overlay-type":"","overlay-color":"","overlay-opacity":"","overlay-gradient":""}},"footnotes":""},"class_list":["post-165","page","type-page","status-publish","hentry"],"_links":{"self":[{"href":"https:\/\/cap-minceur.fr\/es\/wp-json\/wp\/v2\/pages\/165","targetHints":{"allow":["GET"]}}],"collection":[{"href":"https:\/\/cap-minceur.fr\/es\/wp-json\/wp\/v2\/pages"}],"about":[{"href":"https:\/\/cap-minceur.fr\/es\/wp-json\/wp\/v2\/types\/page"}],"author":[{"embeddable":true,"href":"https:\/\/cap-minceur.fr\/es\/wp-json\/wp\/v2\/users\/1"}],"replies":[{"embeddable":true,"href":"https:\/\/cap-minceur.fr\/es\/wp-json\/wp\/v2\/comments?post=165"}],"version-history":[{"count":1,"href":"https:\/\/cap-minceur.fr\/es\/wp-json\/wp\/v2\/pages\/165\/revisions"}],"predecessor-version":[{"id":168,"href":"https:\/\/cap-minceur.fr\/es\/wp-json\/wp\/v2\/pages\/165\/revisions\/168"}],"wp:attachment":[{"href":"https:\/\/cap-minceur.fr\/es\/wp-json\/wp\/v2\/media?parent=165"}],"curies":[{"name":"wp","href":"https:\/\/api.w.org\/{rel}","templated":true}]}}