{"id":85,"date":"2024-12-10T13:07:12","date_gmt":"2024-12-10T13:07:12","guid":{"rendered":"https:\/\/cap-minceur.fr\/?page_id=85"},"modified":"2024-12-10T13:17:26","modified_gmt":"2024-12-10T13:17:26","slug":"powerplate-carnoux-grosella-negra","status":"publish","type":"page","link":"https:\/\/cap-minceur.fr\/es\/powerplate-carnoux-grosella-negra\/","title":{"rendered":"Powerplate: \u00a1descubra una nueva forma de hacer ejercicio!"},"content":{"rendered":"<p>La plataforma vibratoria Power Plate transforma el entrenamiento f\u00edsico tradicional gracias a su avanzada tecnolog\u00eda de aceleraci\u00f3n muscular. M\u00e1s que un simple aparato de musculaci\u00f3n, esta innovadora m\u00e1quina de fitness utiliza vibraciones arm\u00f3nicas controladas para amplificar todos los ejercicios de fortalecimiento muscular, cardio-training y preparaci\u00f3n f\u00edsica.<\/p>\n\n\n\n<p>Imagine entrenamientos m\u00e1s cortos pero ultraeficaces, en los que el entrenamiento de fuerza y el cardio se combinan de forma natural. La plataforma Power Plate estimula intensamente sus m\u00fasculos gracias a su tecnolog\u00eda de vibraci\u00f3n, ofreciendo un <strong>entrenamiento completo en s\u00f3lo 30 minutos<\/strong>. Esta m\u00e1quina de fitness profesional puede utilizarse para enfundar, fortalecer los m\u00fasculos, tonificar e incluso para rehabilitaci\u00f3n f\u00edsica.<\/p>\n\n\n\n<p>La m\u00e1quina vibratoria Power Plate ofrece programas adecuados tanto para principiantes como para deportistas experimentados. Descubre c\u00f3mo esta plataforma de fitness revoluciona el entrenamiento por vibraci\u00f3n.<\/p>\n\n\n\n<h2 class=\"wp-block-heading\">\u00bfQu\u00e9 es la placa de potencia?<\/h2>\n\n\n\n<p>La Power Plate representa una gran innovaci\u00f3n en el campo del fitness y el culturismo. Esta plataforma vibratoria profesional utiliza una avanzada tecnolog\u00eda de aceleraci\u00f3n muscular para transformar sus entrenamientos. Descubra todo lo que necesita saber sobre este revolucionario equipo de fitness.<\/p>\n\n\n\n<p>\u00bfC\u00f3mo funciona el Power Plate? Esta m\u00e1quina de fitness genera vibraciones arm\u00f3nicas controladas que crean una inestabilidad natural. Su cuerpo reacciona autom\u00e1ticamente a estas vibraciones con contracciones musculares reflejas. Durante sus ejercicios en el Power Plate :<\/p>\n\n\n\n<ul class=\"wp-block-list\">\n<li>Sus m\u00fasculos se contraen y relajan r\u00e1pidamente<\/li>\n\n\n\n<li>La circulaci\u00f3n sangu\u00ednea se activa intensamente<\/li>\n\n\n\n<li>Las fibras musculares se estimulan en profundidad<\/li>\n\n\n\n<li>El metabolismo se estimula de forma natural<\/li>\n<\/ul>\n\n\n\n<h2 class=\"wp-block-heading\">\u00bfPara qui\u00e9n est\u00e1 pensada la placa de potencia?<\/h2>\n\n\n\n<p>La tecnolog\u00eda Power Plate est\u00e1 dirigida principalmente a deportistas y atletas que buscan optimizar su rendimiento. La plataforma vibratoria permite intensificar la preparaci\u00f3n f\u00edsica y acelerar la recuperaci\u00f3n despu\u00e9s del ejercicio. El fortalecimiento muscular espec\u00edfico y la prevenci\u00f3n de lesiones la convierten en una herramienta inestimable en su rutina de entrenamiento.<\/p>\n\n\n\n<p>El Power Plate tambi\u00e9n es ideal para las personas activas a diario. Con sesiones cortas de 30 minutos, esta tecnolog\u00eda ofrece un entrenamiento completo y eficaz, perfectamente adaptado a las agendas ocupadas. Ejecutivos, padres ocupados y empresarios pueden mantener una actividad f\u00edsica regular sin compromiso.<\/p>\n\n\n\n<p>Los principiantes no se quedan fuera, ya que la plataforma ofrece un enfoque seguro y paso a paso del fitness. Con movimientos f\u00e1ciles de ejecutar y orientaci\u00f3n personalizada, puedes conseguir resultados alentadores r\u00e1pidamente. Esta accesibilidad la convierte en un excelente punto de entrada al mundo del fitness.<\/p>\n\n\n\n<p>Para las personas mayores activas, Power Plate ofrece programas espec\u00edficos dise\u00f1ados para mantener la masa muscular y mejorar el equilibrio. El fortalecimiento de la densidad \u00f3sea y la preservaci\u00f3n de la movilidad articular son tambi\u00e9n beneficios clave para esta poblaci\u00f3n.<\/p>\n\n\n\n<p>En rehabilitaci\u00f3n, bajo supervisi\u00f3n m\u00e9dica, la plataforma vibratoria ayuda a la recuperaci\u00f3n postlesi\u00f3n y al fortalecimiento progresivo de las zonas debilitadas. Sin embargo, existen una serie de contraindicaciones: no deben utilizarla las mujeres embarazadas, los portadores de marcapasos, las personas que sufran trombosis aguda ni quienes hayan sido operados recientemente.<\/p>\n\n\n\n<p>Se recomienda consultar previamente a un profesional para garantizar una pr\u00e1ctica segura y adaptada a sus necesidades espec\u00edficas.<\/p>\n\n\n\n<h2 class=\"wp-block-heading\">\u00bfQu\u00e9 ventajas tiene la placa de potencia?<\/h2>\n\n\n\n<p>El entrenamiento por vibraci\u00f3n Power Plate transforma cada sesi\u00f3n en resultados tangibles gracias a su tecnolog\u00eda \u00fanica. Descubre los principales beneficios de este innovador m\u00e9todo de entrenamiento.<\/p>\n\n\n\n<ul class=\"wp-block-list\">\n<li><strong>Fortalecimiento muscular acelerado<\/strong><\/li>\n<\/ul>\n\n\n\n<p>La tecnolog\u00eda de vibraci\u00f3n del Power Plate estimula intensamente los m\u00fasculos durante el ejercicio. Las vibraciones arm\u00f3nicas desencadenan contracciones musculares naturales y repetidas, amplificando el efecto de cada movimiento. Este proceso produce una activaci\u00f3n muscular m\u00e1s profunda y un desarrollo acelerado de la fuerza, al tiempo que fortalece los m\u00fasculos profundos y posturales.<\/p>\n\n\n\n<ul class=\"wp-block-list\">\n<li><strong>Mejora significativa de la flexibilidad<\/strong><\/li>\n<\/ul>\n\n\n\n<p>Las vibraciones generadas por la plataforma Power Plate ayudan a relajar de forma natural los m\u00fasculos tensos. Esto aumenta la amplitud de movimiento y mejora la movilidad de las articulaciones, facilitando los estiramientos y reduciendo la rigidez muscular.<\/p>\n\n\n\n<ul class=\"wp-block-list\">\n<li><strong>Tonificaci\u00f3n general eficaz<\/strong><\/li>\n<\/ul>\n\n\n\n<p>El entrenamiento por vibraci\u00f3n tiene un efecto completo sobre la silueta. La reafirmaci\u00f3n de las zonas flojas y la escultura armoniosa del cuerpo van acompa\u00f1adas de una mejora del apoyo postural y una definici\u00f3n muscular progresiva.<\/p>\n\n\n\n<ul class=\"wp-block-list\">\n<li><strong>Optimizar la recuperaci\u00f3n deportiva<\/strong><\/li>\n<\/ul>\n\n\n\n<p>El Power Plate se convierte en un aliado inestimable en su recuperaci\u00f3n al acelerar la eliminaci\u00f3n de toxinas y reducir los dolores y molestias posteriores al esfuerzo. La mejora de la circulaci\u00f3n sangu\u00ednea contribuye a una regeneraci\u00f3n m\u00e1s r\u00e1pida de los tejidos.<\/p>\n\n\n\n<ul class=\"wp-block-list\">\n<li><strong>Acci\u00f3n visible sobre la celulitis<\/strong><\/li>\n<\/ul>\n\n\n\n<p>Las vibraciones act\u00faan eficazmente sobre los tejidos estimulando la circulaci\u00f3n linf\u00e1tica. Esto reduce la aparici\u00f3n de piel de naranja y mejora la textura de la piel gracias al drenaje natural de los tejidos.<\/p>\n\n\n\n<ul class=\"wp-block-list\">\n<li><strong>Optimizar el tiempo de entrenamiento<\/strong><\/li>\n<\/ul>\n\n\n\n<p>La eficacia de la Power Plate permite realizar sesiones cortas pero intensas, de tan s\u00f3lo 30 minutos. Esta optimizaci\u00f3n del tiempo garantiza la m\u00e1xima estimulaci\u00f3n muscular y unos resultados visibles r\u00e1pidos, al tiempo que se adapta perfectamente a los horarios ajetreados.<\/p>\n\n\n\n<p>Para maximizar estos beneficios, le recomendamos que trabaje con un entrenador especializado en Power Plate. \u00c9l o ella adaptar\u00e1 los ejercicios y los ajustes de vibraci\u00f3n a sus objetivos espec\u00edficos.<\/p>\n\n\n\n<h2 class=\"wp-block-heading\">P\u00e1ginas que te pueden gustar :<\/h2>\n\n\n\n<ul class=\"wp-block-list\">\n<li><strong><a href=\"https:\/\/cap-minceur.fr\/es\/electroestimulacion-carnoux-cassis\/\">Electroestimulaci\u00f3n<\/a><\/strong><\/li>\n\n\n\n<li><strong><a href=\"https:\/\/cap-minceur.fr\/es\/nutricion-carnoux-cassis-luxopuntura\/\">Nutrici\u00f3n y Luxopuntura<\/a><\/strong><\/li>\n\n\n\n<li><strong><a href=\"https:\/\/cap-minceur.fr\/es\/tecnologias-adelgazantes-carnoux-grosella-negra\/\">Tecnolog\u00edas de adelgazamiento<\/a><\/strong><\/li>\n<\/ul>","protected":false},"excerpt":{"rendered":"<p>La plataforma vibratoria Power Plate transforma el entrenamiento f\u00edsico tradicional gracias a su avanzada tecnolog\u00eda de aceleraci\u00f3n muscular. M\u00e1s que una simple pieza de [...]<\/p>","protected":false},"author":1,"featured_media":122,"parent":0,"menu_order":0,"comment_status":"closed","ping_status":"closed","template":"","meta":{"_seopress_robots_primary_cat":"","_seopress_titles_title":"Powerplate : est-ce vraiment efficace ?","_seopress_titles_desc":"D\u00e9couvrez tout ce que peut vous apporter la plateforme Powerplate au quotidien !","_seopress_robots_index":"","site-sidebar-layout":"default","site-content-layout":"","ast-site-content-layout":"","site-content-style":"default","site-sidebar-style":"default","ast-global-header-display":"","ast-banner-title-visibility":"","ast-main-header-display":"","ast-hfb-above-header-display":"","ast-hfb-below-header-display":"","ast-hfb-mobile-header-display":"","site-post-title":"","ast-breadcrumbs-content":"","ast-featured-img":"","footer-sml-layout":"","theme-transparent-header-meta":"","adv-header-id-meta":"","stick-header-meta":"","header-above-stick-meta":"","header-main-stick-meta":"","header-below-stick-meta":"","astra-migrate-meta-layouts":"default","ast-page-background-enabled":"default","ast-page-background-meta":{"desktop":{"background-color":"var(--ast-global-color-4)","background-image":"","background-repeat":"repeat","background-position":"center center","background-size":"auto","background-attachment":"scroll","background-type":"","background-media":"","overlay-type":"","overlay-color":"","overlay-opacity":"","overlay-gradient":""},"tablet":{"background-color":"","background-image":"","background-repeat":"repeat","background-position":"center center","background-size":"auto","background-attachment":"scroll","background-type":"","background-media":"","overlay-type":"","overlay-color":"","overlay-opacity":"","overlay-gradient":""},"mobile":{"background-color":"","background-image":"","background-repeat":"repeat","background-position":"center center","background-size":"auto","background-attachment":"scroll","background-type":"","background-media":"","overlay-type":"","overlay-color":"","overlay-opacity":"","overlay-gradient":""}},"ast-content-background-meta":{"desktop":{"background-color":"var(--ast-global-color-5)","background-image":"","background-repeat":"repeat","background-position":"center center","background-size":"auto","background-attachment":"scroll","background-type":"","background-media":"","overlay-type":"","overlay-color":"","overlay-opacity":"","overlay-gradient":""},"tablet":{"background-color":"var(--ast-global-color-5)","background-image":"","background-repeat":"repeat","background-position":"center center","background-size":"auto","background-attachment":"scroll","background-type":"","background-media":"","overlay-type":"","overlay-color":"","overlay-opacity":"","overlay-gradient":""},"mobile":{"background-color":"var(--ast-global-color-5)","background-image":"","background-repeat":"repeat","background-position":"center center","background-size":"auto","background-attachment":"scroll","background-type":"","background-media":"","overlay-type":"","overlay-color":"","overlay-opacity":"","overlay-gradient":""}},"footnotes":""},"class_list":["post-85","page","type-page","status-publish","has-post-thumbnail","hentry"],"_links":{"self":[{"href":"https:\/\/cap-minceur.fr\/es\/wp-json\/wp\/v2\/pages\/85","targetHints":{"allow":["GET"]}}],"collection":[{"href":"https:\/\/cap-minceur.fr\/es\/wp-json\/wp\/v2\/pages"}],"about":[{"href":"https:\/\/cap-minceur.fr\/es\/wp-json\/wp\/v2\/types\/page"}],"author":[{"embeddable":true,"href":"https:\/\/cap-minceur.fr\/es\/wp-json\/wp\/v2\/users\/1"}],"replies":[{"embeddable":true,"href":"https:\/\/cap-minceur.fr\/es\/wp-json\/wp\/v2\/comments?post=85"}],"version-history":[{"count":4,"href":"https:\/\/cap-minceur.fr\/es\/wp-json\/wp\/v2\/pages\/85\/revisions"}],"predecessor-version":[{"id":127,"href":"https:\/\/cap-minceur.fr\/es\/wp-json\/wp\/v2\/pages\/85\/revisions\/127"}],"wp:featuredmedia":[{"embeddable":true,"href":"https:\/\/cap-minceur.fr\/es\/wp-json\/wp\/v2\/media\/122"}],"wp:attachment":[{"href":"https:\/\/cap-minceur.fr\/es\/wp-json\/wp\/v2\/media?parent=85"}],"curies":[{"name":"wp","href":"https:\/\/api.w.org\/{rel}","templated":true}]}}